{"id":813,"date":"2024-09-19T17:47:24","date_gmt":"2024-09-19T15:47:24","guid":{"rendered":"https:\/\/nordic.promotion.nsk-dental.com\/?page_id=813"},"modified":"2025-12-08T10:35:16","modified_gmt":"2025-12-08T09:35:16","slug":"kurs","status":"publish","type":"page","link":"https:\/\/nordic.promotion.nsk-dental.com\/no\/kurs\/","title":{"rendered":"Kurs"},"content":{"rendered":"<h1>Velkommen til NSK Academy<\/h1>\n<div>\n<p>NSK Academy tilbyr praktiske og teoretiske kurs med fokus p\u00e5 v\u00e5re produkter og deres bruksomr\u00e5der. Alle v\u00e5re forelesere har lang erfaring med v\u00e5re produkter og arbeider ogs\u00e5 klinisk. For oss i NSK er det ikke bare viktig \u00e5 tilby produkter av h\u00f8y kvalitet, men ogs\u00e5 oppl\u00e6ring og support. Les mer om v\u00e5re aktuelle kurs og utdanninger nedenfor.<\/p>\n<p>\u00d8nsker du \u00e5 booke og arrangere et eget kurs? Kontakt oss p\u00e5: <a href=\"mailto:info@nsk-nordic.com\">info@nsk-nordic.com<\/a><\/p>\n<\/div>\n<div>\n<\/div>\n<p><!--more--><br \/>\n<!-- {\"name\":\"NNO-corsi-template-flag-title\",\"type\":\"layout\",\"children\":[{\"type\":\"section\",\"props\":{\"style\":\"default\",\"width\":\"default\",\"vertical_align\":\"middle\",\"title_position\":\"top-left\",\"title_rotation\":\"left\",\"title_breakpoint\":\"xl\",\"image_position\":\"center-center\",\"image\":\"\",\"image_size\":\"cover\",\"class\":\"\",\"media_overlay\":\"rgba(255, 255, 255, 0.7)\",\"media_overlay_gradient\":\"background: rgb(212,224,231); background: -moz-linear-gradient(-45deg, rgba(212,224,231,0.9) 0%, rgba(255,255,255,0.7) 100%); background: -webkit-linear-gradient(-45deg, rgba(212,224,231,0.9) 0%, rgba(255,255,255,0.7) 100%); background: linear-gradient(-45deg, rgba(212,224,231,0.9) 0%, rgba(255,255,255,0.7) 100%);\",\"padding\":\"large\",\"overlap\":false},\"children\":[{\"type\":\"row\",\"props\":{\"column_gap\":\"large\"},\"children\":[{\"type\":\"column\",\"props\":{\"position_sticky_breakpoint\":\"m\",\"image_position\":\"center-center\",\"media_overlay_gradient\":\"\",\"width_medium\":\"\",\"vertical_align\":\"middle\"},\"children\":[{\"type\":\"headline\",\"props\":{\"title_element\":\"h1\",\"yooessentials_access_conditions\":[],\"yooessentials_access_mode\":\"AND\",\"content\":\"Velkommen til NSK Academy\",\"title_style\":\"h1\",\"css\":\"@media screen and (max-width: 768px) {\\n  .el-element{font-size: 28px;}\\n}\\n\\n@media screen and (max-width: 425px) {\\n  .el-element{font-size: 23px;}\\n}\",\"margin\":\"default\"}},{\"type\":\"text\",\"props\":{\"margin\":\"default\",\"column_breakpoint\":\"m\",\"content\":\"\n\n<p>NSK Academy tilbyr praktiske og teoretiske kurs med fokus p\\u00e5 v\\u00e5re produkter og deres bruksomr\\u00e5der. Alle v\\u00e5re forelesere har lang erfaring med v\\u00e5re produkter og arbeider ogs\\u00e5 klinisk. For oss i NSK er det ikke bare viktig \\u00e5 tilby produkter av h\\u00f8y kvalitet, men ogs\\u00e5 oppl\\u00e6ring og support. Les mer om v\\u00e5re aktuelle kurs og utdanninger nedenfor.<\\\/p>\\n\n\n<p>\\u00d8nsker du \\u00e5 booke og arrangere et eget kurs? Kontakt oss p\\u00e5: <a href=\\\"mailto:info@nsk-nordic.com\\\">info@nsk-nordic.com<\\\/a><\\\/p>\",\"css\":\".el-element p{font-size: 16px;}\\n\\n@media screen and (max-width: 425px) {\\n  .el-element p{font-size: 15px;}\\n}\"}}]}]},{\"type\":\"row\",\"children\":[{\"type\":\"column\",\"props\":{\"position_sticky_breakpoint\":\"m\",\"image_position\":\"center-center\",\"media_overlay_gradient\":\"\",\"width_medium\":\"\",\"class\":\"\"},\"children\":[{\"type\":\"multi-grid\",\"props\":{\"show_title\":true,\"show_meta\":true,\"show_content\":true,\"show_data\":true,\"show_location\":true,\"show_language\":true,\"show_speaker\":true,\"show_tipo\":true,\"show_image\":true,\"show_link\":true,\"grid_default\":\"1\",\"grid_medium\":\"\",\"filter_style\":\"tab\",\"filter_all\":true,\"filter_position\":\"top\",\"filter_align\":\"left\",\"filter_grid_width\":\"auto\",\"filter_grid_breakpoint\":\"m\",\"title_hover_style\":\"reset\",\"title_element\":\"h3\",\"title_align\":\"top\",\"title_grid_width\":\"1-2\",\"title_grid_breakpoint\":\"m\",\"meta_style\":\"meta\",\"meta_align\":\"below-title\",\"meta_element\":\"div\",\"extra_grid_default\":\"1\",\"data_element\":\"div\",\"location_element\":\"div\",\"language_element\":\"div\",\"speaker_element\":\"div\",\"tipo_element\":\"div\",\"content_column_breakpoint\":\"m\",\"icon_width\":\"80\",\"image_align\":\"top\",\"image_grid_width\":\"1-2\",\"image_grid_breakpoint\":\"m\",\"image_svg_color\":\"emphasis\",\"link_text\":\"Read more\",\"link_style\":\"text\",\"margin\":\"default\",\"item_animation\":true,\"panel_style\":\"tile-default\",\"panel_padding\":\"default\",\"extra_grid_medium\":\"4\",\"filter\":true,\"css\":\".el-title{font-weight: normal;}\\ndiv{font-size: 17px;}\\n.el-item{box-shadow: 0px 0px 15px rgb(26, 46, 86, 0.15); border: none;}\\n.el-item .uk-icon{color:#ff5000;}\\n.el-item .uk-icon svg{width: 23px;}\\n.el-item .uk-grid>div{width: auto;}\\n\\n.el-title img.academy{width: 60px; margin-left: 10px; position: relative; top: -12px}\\n.el-title img.flag{width: 35px; margin-right: 10px; margin-left: 0px;}\\n\\n.el-link{line-height: 1.4}\\n.el-nav li.uk-active a{font-weight: bold;}\",\"link_size\":\"small\",\"show_academy\":true,\"academy_element\":\"div\",\"filter_custom\":true,\"filter_custom_label\":\"Skreddersydde kurs\"},\"children\":[{\"type\":\"multi-grid_item\",\"props\":{\"data_icon\":\"calendar\",\"location_icon\":\"location\",\"language_icon\":\"world\",\"speaker_icon\":\"\",\"tipo_icon\":\"tag\",\"link_text\":\"Find out more\"},\"source\":{\"query\":{\"name\":\"courses.customCourses\",\"arguments\":{\"terms\":[],\"category_operator\":\"IN\",\"users\":[],\"users_operator\":\"IN\",\"offset\":0,\"limit\":100,\"order\":\"field:start_date_and_time\",\"order_direction\":\"ASC\"}},\"props\":{\"title\":{\"filters\":{\"search\":\"\",\"before\":\"\"},\"name\":\"title\"},\"data\":{\"filters\":{\"search\":\"\",\"date\":\"\"},\"name\":\"field.start_date_and_time\"},\"location\":{\"filters\":{\"search\":\"\"},\"name\":\"field.location\"},\"language\":{\"filters\":{\"search\":\"\"},\"name\":\"field.slug_language.label\"},\"tags\":{\"filters\":{\"search\":\"\"},\"name\":\"field.slug_language.label\"},\"link\":{\"filters\":{\"search\":\"\"},\"name\":\"link\"},\"tipo\":{\"filters\":{\"search\":\"\"},\"name\":\"field.target\"},\"academy\":{\"filters\":{\"search\":\"\"},\"name\":\"field.nsk_academy.value\"}}}}],\"modified\":\"2024-12-12T15:53:42.473Z\",\"name\":\"Grid-corsi\"}]}],\"props\":{\"column_gap\":\"large\",\"margin\":\"large\",\"width\":\"default\"}}],\"name\":\"hero\"}],\"version\":\"2.7.16\",\"yooessentialsVersion\":\"1.6.0\"} --><\/p>\n","protected":false},"excerpt":{"rendered":"<p>Velkommen til NSK Academy NSK Academy tilbyr praktiske og teoretiske kurs med fokus p\u00e5 v\u00e5re produkter og deres bruksomr\u00e5der. Alle v\u00e5re forelesere har lang erfaring med v\u00e5re produkter og arbeider ogs\u00e5 klinisk. For oss i NSK er det ikke bare viktig \u00e5 tilby produkter av h\u00f8y kvalitet, men ogs\u00e5 oppl\u00e6ring og support. Les mer om [&hellip;]<\/p>\n","protected":false},"author":1,"featured_media":708,"parent":0,"menu_order":0,"comment_status":"closed","ping_status":"closed","template":"","meta":[],"acf":[],"yoast_head":"<!-- This site is optimized with the Yoast SEO plugin v19.13 - https:\/\/yoast.com\/wordpress\/plugins\/seo\/ -->\n<title>Kurs NSK Academy - NSK-Nakanishi Nordic<\/title>\n<meta name=\"description\" content=\"NSK Academy tilbyr praktiske og teoretiske kurs med fokus p\u00e5 v\u00e5re produkter og deres bruksomr\u00e5der, ledet av erfarne forelesere.\" \/>\n<meta name=\"robots\" content=\"index, follow, max-snippet:-1, max-image-preview:large, max-video-preview:-1\" \/>\n<link rel=\"canonical\" href=\"https:\/\/nordic.promotion.nsk-dental.com\/no\/kurs\/\" \/>\n<meta property=\"og:locale\" content=\"nb_NO\" \/>\n<meta property=\"og:type\" content=\"article\" \/>\n<meta property=\"og:title\" content=\"Kurs NSK Academy - NSK-Nakanishi Nordic\" \/>\n<meta property=\"og:description\" content=\"NSK Academy tilbyr praktiske og teoretiske kurs med fokus p\u00e5 v\u00e5re produkter og deres bruksomr\u00e5der, ledet av erfarne forelesere.\" \/>\n<meta property=\"og:url\" content=\"https:\/\/nordic.promotion.nsk-dental.com\/no\/kurs\/\" \/>\n<meta property=\"og:site_name\" content=\"NSK-Nakanishi Nordic\" \/>\n<meta property=\"article:modified_time\" content=\"2025-12-08T09:35:16+00:00\" \/>\n<meta property=\"og:image\" content=\"https:\/\/nordic.promotion.nsk-dental.com\/wp-content\/uploads\/sites\/6\/2024\/09\/NNO-corsi-hero.webp\" \/>\n\t<meta property=\"og:image:width\" content=\"2000\" \/>\n\t<meta property=\"og:image:height\" content=\"1357\" \/>\n\t<meta property=\"og:image:type\" content=\"image\/webp\" \/>\n<meta name=\"twitter:card\" content=\"summary_large_image\" \/>\n<meta name=\"twitter:label1\" content=\"Ansl. lesetid\" \/>\n\t<meta name=\"twitter:data1\" content=\"9 minutter\" \/>\n<script type=\"application\/ld+json\" class=\"yoast-schema-graph\">{\"@context\":\"https:\/\/schema.org\",\"@graph\":[{\"@type\":\"WebPage\",\"@id\":\"https:\/\/nordic.promotion.nsk-dental.com\/no\/kurs\/\",\"url\":\"https:\/\/nordic.promotion.nsk-dental.com\/no\/kurs\/\",\"name\":\"Kurs NSK Academy - NSK-Nakanishi Nordic\",\"isPartOf\":{\"@id\":\"https:\/\/nordic.promotion.nsk-dental.com\/#website\"},\"datePublished\":\"2024-09-19T15:47:24+00:00\",\"dateModified\":\"2025-12-08T09:35:16+00:00\",\"description\":\"NSK Academy tilbyr praktiske og teoretiske kurs med fokus p\u00e5 v\u00e5re produkter og deres bruksomr\u00e5der, ledet av erfarne forelesere.\",\"breadcrumb\":{\"@id\":\"https:\/\/nordic.promotion.nsk-dental.com\/no\/kurs\/#breadcrumb\"},\"inLanguage\":\"nb-NO\",\"potentialAction\":[{\"@type\":\"ReadAction\",\"target\":[\"https:\/\/nordic.promotion.nsk-dental.com\/no\/kurs\/\"]}]},{\"@type\":\"BreadcrumbList\",\"@id\":\"https:\/\/nordic.promotion.nsk-dental.com\/no\/kurs\/#breadcrumb\",\"itemListElement\":[{\"@type\":\"ListItem\",\"position\":1,\"name\":\"Home\",\"item\":\"https:\/\/nordic.promotion.nsk-dental.com\/no\/\"},{\"@type\":\"ListItem\",\"position\":2,\"name\":\"Kurs\"}]},{\"@type\":\"WebSite\",\"@id\":\"https:\/\/nordic.promotion.nsk-dental.com\/#website\",\"url\":\"https:\/\/nordic.promotion.nsk-dental.com\/\",\"name\":\"NSK-Nakanishi Nordic\",\"description\":\"NSK-Nakanishi Nordic\",\"potentialAction\":[{\"@type\":\"SearchAction\",\"target\":{\"@type\":\"EntryPoint\",\"urlTemplate\":\"https:\/\/nordic.promotion.nsk-dental.com\/?s={search_term_string}\"},\"query-input\":\"required name=search_term_string\"}],\"inLanguage\":\"nb-NO\"}]}<\/script>\n<!-- \/ Yoast SEO plugin. -->","yoast_head_json":{"title":"Kurs NSK Academy - NSK-Nakanishi Nordic","description":"NSK Academy tilbyr praktiske og teoretiske kurs med fokus p\u00e5 v\u00e5re produkter og deres bruksomr\u00e5der, ledet av erfarne forelesere.","robots":{"index":"index","follow":"follow","max-snippet":"max-snippet:-1","max-image-preview":"max-image-preview:large","max-video-preview":"max-video-preview:-1"},"canonical":"https:\/\/nordic.promotion.nsk-dental.com\/no\/kurs\/","og_locale":"nb_NO","og_type":"article","og_title":"Kurs NSK Academy - NSK-Nakanishi Nordic","og_description":"NSK Academy tilbyr praktiske og teoretiske kurs med fokus p\u00e5 v\u00e5re produkter og deres bruksomr\u00e5der, ledet av erfarne forelesere.","og_url":"https:\/\/nordic.promotion.nsk-dental.com\/no\/kurs\/","og_site_name":"NSK-Nakanishi Nordic","article_modified_time":"2025-12-08T09:35:16+00:00","og_image":[{"width":2000,"height":1357,"url":"https:\/\/nordic.promotion.nsk-dental.com\/wp-content\/uploads\/sites\/6\/2024\/09\/NNO-corsi-hero.webp","type":"image\/webp"}],"twitter_card":"summary_large_image","twitter_misc":{"Ansl. lesetid":"9 minutter"},"schema":{"@context":"https:\/\/schema.org","@graph":[{"@type":"WebPage","@id":"https:\/\/nordic.promotion.nsk-dental.com\/no\/kurs\/","url":"https:\/\/nordic.promotion.nsk-dental.com\/no\/kurs\/","name":"Kurs NSK Academy - NSK-Nakanishi Nordic","isPartOf":{"@id":"https:\/\/nordic.promotion.nsk-dental.com\/#website"},"datePublished":"2024-09-19T15:47:24+00:00","dateModified":"2025-12-08T09:35:16+00:00","description":"NSK Academy tilbyr praktiske og teoretiske kurs med fokus p\u00e5 v\u00e5re produkter og deres bruksomr\u00e5der, ledet av erfarne forelesere.","breadcrumb":{"@id":"https:\/\/nordic.promotion.nsk-dental.com\/no\/kurs\/#breadcrumb"},"inLanguage":"nb-NO","potentialAction":[{"@type":"ReadAction","target":["https:\/\/nordic.promotion.nsk-dental.com\/no\/kurs\/"]}]},{"@type":"BreadcrumbList","@id":"https:\/\/nordic.promotion.nsk-dental.com\/no\/kurs\/#breadcrumb","itemListElement":[{"@type":"ListItem","position":1,"name":"Home","item":"https:\/\/nordic.promotion.nsk-dental.com\/no\/"},{"@type":"ListItem","position":2,"name":"Kurs"}]},{"@type":"WebSite","@id":"https:\/\/nordic.promotion.nsk-dental.com\/#website","url":"https:\/\/nordic.promotion.nsk-dental.com\/","name":"NSK-Nakanishi Nordic","description":"NSK-Nakanishi Nordic","potentialAction":[{"@type":"SearchAction","target":{"@type":"EntryPoint","urlTemplate":"https:\/\/nordic.promotion.nsk-dental.com\/?s={search_term_string}"},"query-input":"required name=search_term_string"}],"inLanguage":"nb-NO"}]}},"publishpress_future_action":{"enabled":false,"date":"1970-01-01 01:00:00","action":"","terms":[],"taxonomy":"","browser_timezone_offset":0},"_links":{"self":[{"href":"https:\/\/nordic.promotion.nsk-dental.com\/no\/wp-json\/wp\/v2\/pages\/813"}],"collection":[{"href":"https:\/\/nordic.promotion.nsk-dental.com\/no\/wp-json\/wp\/v2\/pages"}],"about":[{"href":"https:\/\/nordic.promotion.nsk-dental.com\/no\/wp-json\/wp\/v2\/types\/page"}],"author":[{"embeddable":true,"href":"https:\/\/nordic.promotion.nsk-dental.com\/no\/wp-json\/wp\/v2\/users\/1"}],"replies":[{"embeddable":true,"href":"https:\/\/nordic.promotion.nsk-dental.com\/no\/wp-json\/wp\/v2\/comments?post=813"}],"version-history":[{"count":0,"href":"https:\/\/nordic.promotion.nsk-dental.com\/no\/wp-json\/wp\/v2\/pages\/813\/revisions"}],"wp:featuredmedia":[{"embeddable":true,"href":"https:\/\/nordic.promotion.nsk-dental.com\/no\/wp-json\/wp\/v2\/media\/708"}],"wp:attachment":[{"href":"https:\/\/nordic.promotion.nsk-dental.com\/no\/wp-json\/wp\/v2\/media?parent=813"}],"curies":[{"name":"wp","href":"https:\/\/api.w.org\/{rel}","templated":true}]}}