{"id":1960,"date":"2025-11-19T10:20:13","date_gmt":"2025-11-19T09:20:13","guid":{"rendered":"https:\/\/nordic.promotion.nsk-dental.com\/black-friday-2025\/"},"modified":"2025-11-24T11:08:23","modified_gmt":"2025-11-24T10:08:23","slug":"black-friday-2025","status":"publish","type":"page","link":"https:\/\/nordic.promotion.nsk-dental.com\/da\/black-friday-2025\/","title":{"rendered":"Black Friday 2025"},"content":{"rendered":"<div>\n<h1>BLACK WEEK ER HER!<\/h1>\n<p><h2 class=\"uk-h4 orange\">To for \u00e9n p\u00e5 den prisbel\u00f8nnede Z99L!<\/h2>\n<p>G\u00e6lder kun til og med fredag den 28\/11 2025.<\/p>\n<\/div>\n<ul>\n<li>\n        <a href=\"#gigapaketp4c\">Mer information<\/a>\n    <\/li>\n<li>\n        <a href=\"#form\">Bestil<\/a>\n    <\/li>\n<\/ul>\n<div>\n<h3><b>2 stk. Z99L for kun<\/b><\/h3>\n<p><span class=\"orange\">14.100,- inkl. Moms<\/span><\/p>\n<p><a href=\"#form\">Bestil<\/a><\/p>\n<\/div>\n<div>\n<div class=\"uk-child-width-expand uk-margin-small uk-grid-collapse uk-margin-remove-bottom flex-fix\" uk-grid>\n<div class=\"uk-width-2-3 uk-width-1-2@s el-content flex-fix-1\">\n<h3 class=\"uk-h3 uk-margin-small\">Z99L<\/h3>\n<p><span>REF: CA13140001<\/span><\/p><\/div>\n<div class=\"uk-text-center uk-text-right@s uk-width-1-3 uk-width-1-2@s flex-fix-2\">\n    <\/div>\n<\/p><\/div>\n<\/div>\n<div>\n<p>Maximal prestandar:<\/p>\n<ul>\n<li>\u2022 Hovedm\u00e5l: \u00f88,9 \u00d7 H 13,4 mm<\/li>\n<li>\u2022 Titankrop med ridsefast DURAGRIP\u00ae-bel\u00e6gning<\/li>\n<li>\u2022 Keramiske kuglelejer<\/li>\n<li>\u2022 Mikrofilter<\/li>\n<li>\u2022 Tovejs sprayk\u00f8lefunktion<\/li>\n<li>\u2022 Anti-opvarmningssystem<\/li>\n<li>\u2022 100\u00b0 hovedvinkel<\/li>\n<\/ul>\n<\/div>\n<div>\n<p>        <img src=\"\/wp-content\/uploads\/sites\/6\/2025\/11\/Rating-Stars.svg\" alt=\"Stars\"><\/p>\n<h3>Topprangeret af Dental <br \/>Product Shopper!<\/h3>\n<div>L\u00e6s produktanmeldelser: <a href=\"https:\/\/nordic.promotion.nsk-dental.com\/wp-content\/uploads\/sites\/6\/2025\/09\/SEPT25-PE-NSK-Z99L.pdf?utm_source=NSK+Nordic+newsletter&#038;utm_campaign=aac7cc9971-NL_Get_it_Winter_2024_SE_Dealers_COPY_01&#038;utm_medium=email&#038;utm_term=0_02c23e5013-aac7cc9971-290806940\" target=\"_blank\" class=\"orange uk-underline\">Z99L<\/a><\/div>\n<\/div>\n<h2>Order form<\/h2>\n<div>\n<div role=\"form\" class=\"wpcf7\" id=\"wpcf7-f1985-o1\" lang=\"da-DK\" dir=\"ltr\">\n<div class=\"screen-reader-response\"><p role=\"status\" aria-live=\"polite\" aria-atomic=\"true\"><\/p> <ul><\/ul><\/div>\n<form action=\"\/da\/wp-json\/wp\/v2\/pages\/1960#wpcf7-f1985-o1\" method=\"post\" class=\"wpcf7-form init\" novalidate=\"novalidate\" data-status=\"init\">\n<div style=\"display: none;\">\n<input type=\"hidden\" name=\"_wpcf7\" value=\"1985\" \/>\n<input type=\"hidden\" name=\"_wpcf7_version\" value=\"5.6.4\" \/>\n<input type=\"hidden\" name=\"_wpcf7_locale\" value=\"da_DK\" \/>\n<input type=\"hidden\" name=\"_wpcf7_unit_tag\" value=\"wpcf7-f1985-o1\" \/>\n<input type=\"hidden\" name=\"_wpcf7_container_post\" value=\"0\" \/>\n<input type=\"hidden\" name=\"_wpcf7_posted_data_hash\" value=\"\" \/>\n<input type=\"hidden\" name=\"_wpcf7cf_hidden_group_fields\" value=\"[]\" \/>\n<input type=\"hidden\" name=\"_wpcf7cf_hidden_groups\" value=\"[]\" \/>\n<input type=\"hidden\" name=\"_wpcf7cf_visible_groups\" value=\"[]\" \/>\n<input type=\"hidden\" name=\"_wpcf7cf_repeaters\" value=\"[]\" \/>\n<input type=\"hidden\" name=\"_wpcf7cf_steps\" value=\"{}\" \/>\n<input type=\"hidden\" name=\"_wpcf7cf_options\" value=\"{&quot;form_id&quot;:1985,&quot;conditions&quot;:[],&quot;settings&quot;:{&quot;animation&quot;:&quot;no&quot;,&quot;animation_intime&quot;:&quot;200&quot;,&quot;animation_outtime&quot;:&quot;200&quot;,&quot;conditions_ui&quot;:&quot;normal&quot;,&quot;notice_dismissed&quot;:&quot;&quot;,&quot;regex_numeric&quot;:&quot;^[0-9]+$&quot;,&quot;regex_alphabetic&quot;:&quot;^[a-zA-Z]+$&quot;,&quot;regex_alphanumeric&quot;:&quot;^[a-zA-Z0-9]+$&quot;,&quot;regex_date&quot;:&quot;^(0?[1-9]|1[012])[- .](0?[1-9]|[12][0-9]|3[01])[- \\\/.](19|20)?[0-9]{2}$&quot;,&quot;regex_email&quot;:&quot;^[a-zA-Z0-9._%-]+@[a-zA-Z0-9.-]+.[a-zA-Z]{2,4}$&quot;,&quot;regex_numeric_label&quot;:&quot;numeric&quot;,&quot;regex_alphabetic_label&quot;:&quot;alphabetic&quot;,&quot;regex_alphanumeric_label&quot;:&quot;alphanumeric&quot;,&quot;regex_date_label&quot;:&quot;date&quot;,&quot;regex_email_label&quot;:&quot;email&quot;,&quot;regex_custom_1&quot;:&quot;&quot;,&quot;regex_custom_2&quot;:&quot;&quot;,&quot;regex_custom_3&quot;:&quot;&quot;,&quot;regex_custom_4&quot;:&quot;&quot;,&quot;regex_custom_5&quot;:&quot;&quot;,&quot;regex_custom_1_label&quot;:&quot;custom 1&quot;,&quot;regex_custom_2_label&quot;:&quot;custom 2&quot;,&quot;regex_custom_3_label&quot;:&quot;custom 3&quot;,&quot;regex_custom_4_label&quot;:&quot;custom 4&quot;,&quot;regex_custom_5_label&quot;:&quot;custom 5&quot;,&quot;notice_dismissed_rollback-cf7-5.6.3&quot;:true}}\" \/>\n<\/div>\n<div id=\"product-form\" class=\"uk-grid-default ps-form\" uk-grid=\"\">\n<div class=\"uk-width-1-2@m uk-width-1-1\">\n        <span class=\"wpcf7-form-control-wrap\" data-name=\"company\"><input type=\"text\" name=\"company\" value=\"\" size=\"40\" class=\"wpcf7-form-control wpcf7-text wpcf7-validates-as-required uk-input uk-form-small uk-width-1-1 ps-input\" aria-required=\"true\" aria-invalid=\"false\" placeholder=\"Company Name \/ Clinic Name*\" \/><\/span>\n    <\/div>\n<div class=\"uk-width-1-2@m uk-width-1-1\">\n        <span class=\"wpcf7-form-control-wrap\" data-name=\"contact\"><input type=\"text\" name=\"contact\" value=\"\" size=\"40\" class=\"wpcf7-form-control wpcf7-text wpcf7-validates-as-required uk-input uk-form-small uk-width-1-1 ps-input\" aria-required=\"true\" aria-invalid=\"false\" placeholder=\"Contact Person*\" \/><\/span>\n    <\/div>\n<div class=\"uk-width-1-2@m uk-width-1-1\">\n        <span class=\"wpcf7-form-control-wrap\" data-name=\"delivery_address\"><input type=\"text\" name=\"delivery_address\" value=\"\" size=\"40\" class=\"wpcf7-form-control wpcf7-text uk-input uk-form-small uk-width-1-1 ps-input\" aria-invalid=\"false\" placeholder=\"Delivery Address\" \/><\/span>\n    <\/div>\n<div class=\"uk-width-1-2@m uk-width-1-1\">\n        <span class=\"wpcf7-form-control-wrap\" data-name=\"invoice_address\"><input type=\"text\" name=\"invoice_address\" value=\"\" size=\"40\" class=\"wpcf7-form-control wpcf7-text wpcf7-validates-as-required uk-input uk-form-small uk-width-1-1 ps-input\" aria-required=\"true\" aria-invalid=\"false\" placeholder=\"Invoice Address*\" \/><\/span>\n    <\/div>\n<div class=\"ps-news-letter uk-width-1-1\">\n    <span class=\"wpcf7-form-control-wrap\" data-name=\"number_of_products\"><select name=\"number_of_products\" class=\"wpcf7-form-control wpcf7-select wpcf7-validates-as-required ps-input uk-input uk-width-1-1 ps-fname-newsletter check-text-color\" aria-required=\"true\" aria-invalid=\"false\"><option value=\"\">Buy 1, Get 1 Free<\/option><option value=\"Buy 2, Get 2 Free\">Buy 2, Get 2 Free<\/option><option value=\"Buy 3, Get 3 Free\">Buy 3, Get 3 Free<\/option><\/select><\/span>\n<\/div>\n<div class=\"uk-width-1-2@m uk-width-1-1\">\n        <span class=\"wpcf7-form-control-wrap\" data-name=\"mail\"><input type=\"email\" name=\"mail\" value=\"\" size=\"40\" class=\"wpcf7-form-control wpcf7-text wpcf7-email wpcf7-validates-as-required wpcf7-validates-as-email uk-input uk-form-small uk-width-1-1 ps-input\" aria-required=\"true\" aria-invalid=\"false\" placeholder=\"Mail (General)*\" \/><\/span>\n    <\/div>\n<div class=\"uk-width-1-2@m uk-width-1-1\">\n        <span class=\"wpcf7-form-control-wrap\" data-name=\"invoice_mail\"><input type=\"email\" name=\"invoice_mail\" value=\"\" size=\"40\" class=\"wpcf7-form-control wpcf7-text wpcf7-email wpcf7-validates-as-required wpcf7-validates-as-email uk-input uk-form-small uk-width-1-1 ps-input\" aria-required=\"true\" aria-invalid=\"false\" placeholder=\"Invoice Mail\" \/><\/span>\n    <\/div>\n<div class=\"uk-width-1-1\" style=\"margin-top:40px;\">\n<span style=\"padding-left:8px;display: block;margin-bottom: 15px;\"> Other information <\/span><span class=\"wpcf7-form-control-wrap\" data-name=\"your-message\"><textarea name=\"your-message\" cols=\"40\" rows=\"3\" class=\"wpcf7-form-control wpcf7-textarea uk-width-1-1 uk-form-small uk-textarea ps-input\" aria-invalid=\"false\"><\/textarea><\/span>\n    <\/div>\n<\/div>\n<p id=\"blocco-spunte\" class=\"uk-text-small\">\n<label style=\"display:block;margin-bottom:10px;\"><span class=\"wpcf7-form-control-wrap\" data-name=\"acceptance\"><span class=\"wpcf7-form-control wpcf7-acceptance\"><span class=\"wpcf7-list-item\"><input type=\"checkbox\" name=\"acceptance\" value=\"1\" aria-invalid=\"false\" \/><\/span><\/span><\/span> Jag f\u00f6rs\u00e4krar att jag har l\u00e4st informationen om behandling av personuppgifter. <\/label><label style=\"margin-bottom:60px;\"><span class=\"wpcf7-form-control-wrap\" data-name=\"checkbox-mcaccount\"><span class=\"wpcf7-form-control wpcf7-checkbox uk-text-secondary uk-form-small uk-width-1-1 mcf7 ps-checkbox\"><span class=\"wpcf7-list-item first last\"><label><input type=\"checkbox\" name=\"checkbox-mcaccount[]\" value=\"Jag f\u00f6rs\u00e4krar att jag har l\u00e4st informationen om behandling av personuppgifter och ger mitt uttryckliga samtycke till att mottaga informativt och kommersiellt material via nyhetsbrev.\" \/><span class=\"wpcf7-list-item-label\">Jag f\u00f6rs\u00e4krar att jag har l\u00e4st informationen om behandling av personuppgifter och ger mitt uttryckliga samtycke till att mottaga informativt och kommersiellt material via nyhetsbrev.<\/span><\/label><\/span><\/span><\/span><\/label>\n<\/p>\n<p><input type=\"submit\" value=\"Send bestilling\" class=\"wpcf7-form-control has-spinner wpcf7-submit uk-button uk-button-secondary uk-text-contrast\" \/><\/p>\n<div class=\"wpcf7-response-output\" aria-hidden=\"true\"><\/div><\/form><\/div><\/div>\n<p><!--more--><br \/>\n<!-- {\"type\":\"layout\",\"children\":[{\"type\":\"section\",\"props\":{\"style\":\"primary\",\"width\":\"xlarge\",\"vertical_align\":\"middle\",\"title_position\":\"top-left\",\"title_rotation\":\"left\",\"title_breakpoint\":\"xl\",\"image_position\":\"top-center\",\"image\":\"wp-content\\\/uploads\\\/sites\\\/6\\\/2025\\\/11\\\/Black-Friday-1920-x-1080.jpg\",\"image_size\":\"cover\",\"height\":\"full\",\"preserve_color\":false,\"media_overlay\":\"rgba(0, 0, 0, 0.01)\",\"attributes\":\"\",\"css\":\".uk-position-cover{background-color: rgba(0, 0, 0, 0.2)!important;}\\n@media screen and (max-width: 768px) {\\n    .uk-position-cover{background-color: rgba(0, 0, 0, 0.4)!important;}\\n}\",\"padding_remove_top\":false},\"children\":[{\"type\":\"row\",\"children\":[{\"type\":\"column\",\"props\":{\"position_sticky_breakpoint\":\"m\",\"image_position\":\"center-center\",\"media_overlay_gradient\":\"\",\"width_medium\":\"\"},\"children\":[{\"type\":\"panel\",\"props\":{\"link_text\":\"Read more\",\"title_hover_style\":\"reset\",\"title_element\":\"h1\",\"title_align\":\"top\",\"title_grid_width\":\"1-2\",\"title_grid_breakpoint\":\"m\",\"meta_style\":\"h4\",\"meta_align\":\"below-title\",\"meta_element\":\"div\",\"content_column_breakpoint\":\"m\",\"icon_width\":80,\"image_align\":\"top\",\"image_grid_width\":\"1-2\",\"image_grid_breakpoint\":\"m\",\"image_svg_color\":\"emphasis\",\"link_style\":\"default\",\"margin\":\"default\",\"text_align\":\"center\",\"title\":\"BLACK WEEK ER HER!\",\"content\":\"\",\"title_style\":\"h1\",\"content_style\":\"h4\",\"title_color\":\"warning\",\"meta\":\"\n\n<h2 class=\\\"uk-h4 orange\\\">To for \\u00e9n p\\u00e5 den prisbel\\u00f8nnede Z99L!<\\\/h2>G\\u00e6lder kun til og med fredag den 28\\\/11 2025.\",\"meta_color\":\"warning\",\"block_align\":\"center\",\"content_margin\":\"medium\",\"meta_margin\":\"medium\",\"css\":\"@media screen and (max-width:456px){\\n    .el-title{font-size:20px;}\\n    .el-meta{font-size:16px;margin-top:20px!important;}\\n    .el-content{font-size:14px;margin-top:20px!important}\\n}\\n\\n.el-meta {font-size: 22px !important;}\\n.el-meta h2 {margin-bottom: 0px;color: #ff5000;font-size: 22px !important; font-weight: 500;}\"}},{\"type\":\"button\",\"props\":{\"grid_column_gap\":\"medium\",\"grid_row_gap\":\"small\",\"margin\":\"medium\",\"text_align\":\"center\",\"class\":\"\"},\"children\":[{\"type\":\"button_item\",\"props\":{\"button_style\":\"primary\",\"icon_align\":\"left\",\"content\":\"Mer information\",\"link\":\"#gigapaketp4c\"}},{\"type\":\"button_item\",\"props\":{\"button_style\":\"secondary\",\"icon_align\":\"left\",\"content\":\"Bestil\",\"link\":\"#form\"}}]}]}]}],\"name\":\"Black Friday Hero\",\"modified\":\"2025-11-21T12:07:07.539Z\"},{\"type\":\"section\",\"props\":{\"style\":\"default\",\"width\":\"default\",\"vertical_align\":\"middle\",\"title_position\":\"top-left\",\"title_rotation\":\"left\",\"title_breakpoint\":\"xl\",\"image_position\":\"center-center\",\"image\":\"wp-content\\\/uploads\\\/sites\\\/4\\\/2022\\\/03\\\/5.svg\",\"padding_remove_bottom\":true,\"id\":\"gigapaketp4c\"},\"children\":[{\"type\":\"row\",\"children\":[{\"type\":\"column\",\"props\":{\"position_sticky_breakpoint\":\"m\",\"image_position\":\"center-center\",\"media_overlay_gradient\":\"\"},\"children\":[{\"type\":\"panel\",\"props\":{\"link_text\":\"Bestil\",\"title_hover_style\":\"reset\",\"title_element\":\"h3\",\"title_align\":\"top\",\"title_grid_width\":\"1-2\",\"title_grid_breakpoint\":\"m\",\"meta_style\":\"h1\",\"meta_align\":\"below-title\",\"meta_element\":\"div\",\"content_column_breakpoint\":\"m\",\"icon_width\":80,\"image_align\":\"top\",\"image_grid_width\":\"1-2\",\"image_grid_breakpoint\":\"m\",\"image_svg_color\":\"emphasis\",\"link_style\":\"secondary\",\"margin\":\"default\",\"title\":\"<b>2 stk. Z99L for kun<\\\/b>\",\"title_style\":\"h2\",\"meta\":\"<span class=\\\"orange\\\">14.100,- inkl. Moms<\\\/span>\",\"text_align\":\"center\",\"panel_style\":\"tile-muted\",\"panel_padding\":\"default\",\"link\":\"#form\"}}]}]},{\"type\":\"row\",\"props\":{\"layout\":\"1-2,1-2\",\"column_gap\":\"small\",\"row_gap\":\"small\",\"margin\":\"small\",\"margin_remove_bottom\":true},\"children\":[{\"type\":\"column\",\"props\":{\"position_sticky_breakpoint\":\"m\",\"image_position\":\"center-right\",\"media_overlay_gradient\":\"\",\"width_medium\":\"1-2\",\"style\":\"muted\",\"padding\":\"small\",\"image\":\"wp-content\\\/uploads\\\/sites\\\/6\\\/2025\\\/11\\\/Z99L_sw_2024-1.png\",\"image_size\":\"contain\",\"css\":\".el-column [uk-img] {\\n\\tbackground-position: 92% 50%;\\n    background-size: 120px;\\n}\\n\\n@media (max-width: 425px) {\\n    .el-column [uk-img]  {\\n\\t\\tbackground: none !important;\\n    }\\n}\"},\"children\":[{\"type\":\"html\",\"props\":{\"content\":\"\n\n<div class=\\\"uk-child-width-expand uk-margin-small uk-grid-collapse uk-margin-remove-bottom flex-fix\\\" uk-grid>\\n    \n\n<div class=\\\"uk-width-2-3 uk-width-1-2@s el-content flex-fix-1\\\">\\n\n\n<h3 class=\\\"uk-h3 uk-margin-small\\\">Z99L<\\\/h3>\\n<span>REF: CA13140001<\\\/span>\\n\\n    <\\\/div>\\n    \n\n<div class=\\\"uk-text-center uk-text-right@s uk-width-1-3 uk-width-1-2@s flex-fix-2\\\">\\n    <\\\/div>\\n    <\\\/div>\",\"class\":\"ul-list-dots\"}},{\"type\":\"text\",\"props\":{\"margin\":\"medium\",\"column_breakpoint\":\"m\",\"content\":\"\n\n<p>Maximal prestandar:<\\\/p>\\n\n\n<ul>\\n  \n\n<li>\\u2022 Hovedm\\u00e5l: \\u00f88,9 \\u00d7 H 13,4 mm<\\\/li>\\n  \n\n<li>\\u2022 Titankrop med ridsefast DURAGRIP\\u00ae-bel\\u00e6gning<\\\/li>\\n  \n\n<li>\\u2022 Keramiske kuglelejer<\\\/li>\\n  \n\n<li>\\u2022 Mikrofilter<\\\/li>\\n  \n\n<li>\\u2022 Tovejs sprayk\\u00f8lefunktion<\\\/li>\\n  \n\n<li>\\u2022 Anti-opvarmningssystem<\\\/li>\\n  \n\n<li>\\u2022 100\\u00b0 hovedvinkel<\\\/li>\\n<\\\/ul>\",\"css\":\"@media (max-width: 425px) {\\n    .el-element { \\n\\t\\tmargin-top: 10px !important;\\n    }\\n    .el-element p {\\n        margin-bottom: 10px !important;\\n    }\\n}\"}}]},{\"type\":\"column\",\"props\":{\"position_sticky_breakpoint\":\"m\",\"image_position\":\"center-center\",\"media_overlay_gradient\":\"\",\"width_medium\":\"1-2\",\"padding\":\"small\",\"css\":\".el-column {\\n\\tdisplay: flex;\\n    flex-direction: column;\\n}\\n\\n.el-column .uk-panel.ul-list-dots {\\n\\tflex: 1;\\n    display: flex;\\n    flex-direction: column;\\n    justify-content: center;\\n    align-items: center;\\n}\\n\\n.el-column .uk-panel .uk-child-width-expand {\\n    width: 100%;\\n\\tdisplay: flex;\\n    justify-content: center;\\n    align-items: center;\\n}\"},\"children\":[{\"type\":\"panel\",\"props\":{\"link_text\":\"Read more\",\"title_hover_style\":\"reset\",\"title_element\":\"h3\",\"title_align\":\"top\",\"title_grid_width\":\"1-2\",\"title_grid_breakpoint\":\"m\",\"meta_style\":\"meta\",\"meta_align\":\"below-title\",\"meta_element\":\"div\",\"content_column_breakpoint\":\"m\",\"icon_width\":80,\"image_align\":\"bottom\",\"image_grid_width\":\"2-5\",\"image_grid_breakpoint\":\"m\",\"image_svg_color\":\"emphasis\",\"link_style\":\"default\",\"margin\":\"small\",\"margin_remove_bottom\":false,\"title\":\"Topprangeret af Dental <br \\\/>Product Shopper!\",\"title_style\":\"h3\",\"content\":\"L\\u00e6s produktanmeldelser: <a href=\\\"https:\\\/\\\/nordic.promotion.nsk-dental.com\\\/wp-content\\\/uploads\\\/sites\\\/6\\\/2025\\\/09\\\/SEPT25-PE-NSK-Z99L.pdf?utm_source=NSK+Nordic+newsletter&utm_campaign=aac7cc9971-NL_Get_it_Winter_2024_SE_Dealers_COPY_01&utm_medium=email&utm_term=0_02c23e5013-aac7cc9971-290806940\\\" target=\\\"_blank\\\" class=\\\"orange uk-underline\\\">Z99L<\\\/a>\",\"class\":\"ul-list-dots\",\"image\":\"wp-content\\\/uploads\\\/sites\\\/6\\\/2025\\\/11\\\/Rating-Stars.svg\",\"content_align\":false,\"margin_remove_top\":false,\"image_grid_column_gap\":\"collapse\",\"image_grid_row_gap\":\"collapse\",\"image_vertical_align\":true,\"content_margin\":\"small\",\"text_align\":\"center\",\"text_align_breakpoint\":\"m\",\"text_align_fallback\":\"center\",\"meta\":\"\",\"meta_color\":\"secondary\",\"panel_style\":\"tile-muted\",\"panel_padding\":\"default\",\"meta_margin\":\"small\",\"css\":\".el-content p{margin-top: 10px;}\\n.el-title {text-transform: uppercase;}\\n\\n.uk-underline {text-decoration: underline;}\",\"image_alt\":\"Stars\",\"image_width\":\"225\",\"image_margin\":\"remove\"}}]}]}],\"name\":\"VCP Product Option\",\"modified\":\"2025-11-21T12:14:16.662Z\"},{\"type\":\"section\",\"props\":{\"style\":\"default\",\"width\":\"default\",\"vertical_align\":\"middle\",\"title_position\":\"top-left\",\"title_rotation\":\"left\",\"title_breakpoint\":\"xl\",\"image_position\":\"center-center\",\"id\":\"form\"},\"children\":[{\"type\":\"row\",\"children\":[{\"type\":\"column\",\"props\":{\"position_sticky_breakpoint\":\"m\",\"image_position\":\"center-center\",\"media_overlay_gradient\":\"\"},\"children\":[{\"type\":\"headline\",\"props\":{\"title_element\":\"h2\",\"content\":\"Order form\",\"title_style\":\"h2\",\"text_align\":\"center\",\"margin\":\"medium\"}},{\"type\":\"html\",\"props\":{\"content\":\"[contact-form-7 id=\\\"1985\\\" title=\\\"Black Friday - DA\\\"]\"}}]}]}],\"name\":\"Contact Form (Product)\",\"modified\":\"2025-11-21T12:14:55.503Z\"}],\"version\":\"2.7.16\",\"yooessentialsVersion\":\"1.6.0\"} --><\/p>\n","protected":false},"excerpt":{"rendered":"<p>BLACK WEEK ER HER! To for \u00e9n p\u00e5 den prisbel\u00f8nnede Z99L! G\u00e6lder kun til og med fredag den 28\/11 2025. Mer information Bestil 2 stk. Z99L for kun 14.100,- inkl. Moms Bestil Z99L REF: CA13140001 Maximal prestandar: \u2022 Hovedm\u00e5l: \u00f88,9 \u00d7 H 13,4 mm \u2022 Titankrop med ridsefast DURAGRIP\u00ae-bel\u00e6gning \u2022 Keramiske kuglelejer \u2022 Mikrofilter \u2022 [&hellip;]<\/p>\n","protected":false},"author":5,"featured_media":0,"parent":0,"menu_order":0,"comment_status":"closed","ping_status":"closed","template":"","meta":[],"acf":[],"yoast_head":"<!-- This site is optimized with the Yoast SEO plugin v19.13 - https:\/\/yoast.com\/wordpress\/plugins\/seo\/ -->\n<title>Black Friday 2025 - NSK-Nakanishi Nordic<\/title>\n<meta name=\"robots\" content=\"index, follow, max-snippet:-1, max-image-preview:large, max-video-preview:-1\" \/>\n<link rel=\"canonical\" href=\"https:\/\/nordic.promotion.nsk-dental.com\/da\/black-friday-2025\/\" \/>\n<meta property=\"og:locale\" content=\"da_DK\" \/>\n<meta property=\"og:type\" content=\"article\" \/>\n<meta property=\"og:title\" content=\"Black Friday 2025 - NSK-Nakanishi Nordic\" \/>\n<meta property=\"og:description\" content=\"BLACK WEEK ER HER! To for \u00e9n p\u00e5 den prisbel\u00f8nnede Z99L! G\u00e6lder kun til og med fredag den 28\/11 2025. Mer information Bestil 2 stk. Z99L for kun 14.100,- inkl. Moms Bestil Z99L REF: CA13140001 Maximal prestandar: \u2022 Hovedm\u00e5l: \u00f88,9 \u00d7 H 13,4 mm \u2022 Titankrop med ridsefast DURAGRIP\u00ae-bel\u00e6gning \u2022 Keramiske kuglelejer \u2022 Mikrofilter \u2022 [&hellip;]\" \/>\n<meta property=\"og:url\" content=\"https:\/\/nordic.promotion.nsk-dental.com\/da\/black-friday-2025\/\" \/>\n<meta property=\"og:site_name\" content=\"NSK-Nakanishi Nordic\" \/>\n<meta property=\"article:modified_time\" content=\"2025-11-24T10:08:23+00:00\" \/>\n<meta name=\"twitter:card\" content=\"summary_large_image\" \/>\n<script type=\"application\/ld+json\" class=\"yoast-schema-graph\">{\"@context\":\"https:\/\/schema.org\",\"@graph\":[{\"@type\":\"WebPage\",\"@id\":\"https:\/\/nordic.promotion.nsk-dental.com\/da\/black-friday-2025\/\",\"url\":\"https:\/\/nordic.promotion.nsk-dental.com\/da\/black-friday-2025\/\",\"name\":\"Black Friday 2025 - NSK-Nakanishi Nordic\",\"isPartOf\":{\"@id\":\"https:\/\/nordic.promotion.nsk-dental.com\/#website\"},\"datePublished\":\"2025-11-19T09:20:13+00:00\",\"dateModified\":\"2025-11-24T10:08:23+00:00\",\"breadcrumb\":{\"@id\":\"https:\/\/nordic.promotion.nsk-dental.com\/da\/black-friday-2025\/#breadcrumb\"},\"inLanguage\":\"da-DK\",\"potentialAction\":[{\"@type\":\"ReadAction\",\"target\":[\"https:\/\/nordic.promotion.nsk-dental.com\/da\/black-friday-2025\/\"]}]},{\"@type\":\"BreadcrumbList\",\"@id\":\"https:\/\/nordic.promotion.nsk-dental.com\/da\/black-friday-2025\/#breadcrumb\",\"itemListElement\":[{\"@type\":\"ListItem\",\"position\":1,\"name\":\"Home\",\"item\":\"https:\/\/nordic.promotion.nsk-dental.com\/da\/\"},{\"@type\":\"ListItem\",\"position\":2,\"name\":\"Black Friday 2025\"}]},{\"@type\":\"WebSite\",\"@id\":\"https:\/\/nordic.promotion.nsk-dental.com\/#website\",\"url\":\"https:\/\/nordic.promotion.nsk-dental.com\/\",\"name\":\"NSK-Nakanishi Nordic\",\"description\":\"NSK-Nakanishi Nordic\",\"potentialAction\":[{\"@type\":\"SearchAction\",\"target\":{\"@type\":\"EntryPoint\",\"urlTemplate\":\"https:\/\/nordic.promotion.nsk-dental.com\/?s={search_term_string}\"},\"query-input\":\"required name=search_term_string\"}],\"inLanguage\":\"da-DK\"}]}<\/script>\n<!-- \/ Yoast SEO plugin. -->","yoast_head_json":{"title":"Black Friday 2025 - NSK-Nakanishi Nordic","robots":{"index":"index","follow":"follow","max-snippet":"max-snippet:-1","max-image-preview":"max-image-preview:large","max-video-preview":"max-video-preview:-1"},"canonical":"https:\/\/nordic.promotion.nsk-dental.com\/da\/black-friday-2025\/","og_locale":"da_DK","og_type":"article","og_title":"Black Friday 2025 - NSK-Nakanishi Nordic","og_description":"BLACK WEEK ER HER! To for \u00e9n p\u00e5 den prisbel\u00f8nnede Z99L! G\u00e6lder kun til og med fredag den 28\/11 2025. Mer information Bestil 2 stk. Z99L for kun 14.100,- inkl. Moms Bestil Z99L REF: CA13140001 Maximal prestandar: \u2022 Hovedm\u00e5l: \u00f88,9 \u00d7 H 13,4 mm \u2022 Titankrop med ridsefast DURAGRIP\u00ae-bel\u00e6gning \u2022 Keramiske kuglelejer \u2022 Mikrofilter \u2022 [&hellip;]","og_url":"https:\/\/nordic.promotion.nsk-dental.com\/da\/black-friday-2025\/","og_site_name":"NSK-Nakanishi Nordic","article_modified_time":"2025-11-24T10:08:23+00:00","twitter_card":"summary_large_image","schema":{"@context":"https:\/\/schema.org","@graph":[{"@type":"WebPage","@id":"https:\/\/nordic.promotion.nsk-dental.com\/da\/black-friday-2025\/","url":"https:\/\/nordic.promotion.nsk-dental.com\/da\/black-friday-2025\/","name":"Black Friday 2025 - NSK-Nakanishi Nordic","isPartOf":{"@id":"https:\/\/nordic.promotion.nsk-dental.com\/#website"},"datePublished":"2025-11-19T09:20:13+00:00","dateModified":"2025-11-24T10:08:23+00:00","breadcrumb":{"@id":"https:\/\/nordic.promotion.nsk-dental.com\/da\/black-friday-2025\/#breadcrumb"},"inLanguage":"da-DK","potentialAction":[{"@type":"ReadAction","target":["https:\/\/nordic.promotion.nsk-dental.com\/da\/black-friday-2025\/"]}]},{"@type":"BreadcrumbList","@id":"https:\/\/nordic.promotion.nsk-dental.com\/da\/black-friday-2025\/#breadcrumb","itemListElement":[{"@type":"ListItem","position":1,"name":"Home","item":"https:\/\/nordic.promotion.nsk-dental.com\/da\/"},{"@type":"ListItem","position":2,"name":"Black Friday 2025"}]},{"@type":"WebSite","@id":"https:\/\/nordic.promotion.nsk-dental.com\/#website","url":"https:\/\/nordic.promotion.nsk-dental.com\/","name":"NSK-Nakanishi Nordic","description":"NSK-Nakanishi Nordic","potentialAction":[{"@type":"SearchAction","target":{"@type":"EntryPoint","urlTemplate":"https:\/\/nordic.promotion.nsk-dental.com\/?s={search_term_string}"},"query-input":"required name=search_term_string"}],"inLanguage":"da-DK"}]}},"publishpress_future_action":{"enabled":false,"date":"1970-01-01 01:00:00","action":"","terms":[],"taxonomy":"","browser_timezone_offset":0},"_links":{"self":[{"href":"https:\/\/nordic.promotion.nsk-dental.com\/da\/wp-json\/wp\/v2\/pages\/1960"}],"collection":[{"href":"https:\/\/nordic.promotion.nsk-dental.com\/da\/wp-json\/wp\/v2\/pages"}],"about":[{"href":"https:\/\/nordic.promotion.nsk-dental.com\/da\/wp-json\/wp\/v2\/types\/page"}],"author":[{"embeddable":true,"href":"https:\/\/nordic.promotion.nsk-dental.com\/da\/wp-json\/wp\/v2\/users\/5"}],"replies":[{"embeddable":true,"href":"https:\/\/nordic.promotion.nsk-dental.com\/da\/wp-json\/wp\/v2\/comments?post=1960"}],"version-history":[{"count":0,"href":"https:\/\/nordic.promotion.nsk-dental.com\/da\/wp-json\/wp\/v2\/pages\/1960\/revisions"}],"wp:attachment":[{"href":"https:\/\/nordic.promotion.nsk-dental.com\/da\/wp-json\/wp\/v2\/media?parent=1960"}],"curies":[{"name":"wp","href":"https:\/\/api.w.org\/{rel}","templated":true}]}}